{"id":3531,"date":"2025-06-29T05:42:04","date_gmt":"2025-06-29T05:42:04","guid":{"rendered":"https:\/\/cfdt-rhon-telecom.fr\/?page_id=3531"},"modified":"2026-01-29T05:43:06","modified_gmt":"2026-01-29T05:43:06","slug":"mentions-legales","status":"publish","type":"page","link":"https:\/\/cfdt-rhon-telecom.fr\/index.php\/mentions-legales\/","title":{"rendered":"Mentions l\u00e9gales"},"content":{"rendered":"<p class=\"font-claude-response-body break-words whitespace-normal leading-[1.7]\"><strong>MENTIONS L\u00c9GALES<\/strong><\/p>\n<p class=\"font-claude-response-body break-words whitespace-normal leading-[1.7]\"><strong>1. \u00c9diteur du site<\/strong><\/p>\n<p class=\"font-claude-response-body break-words whitespace-pre-wrap leading-[1.7]\">Section syndicale CFDT Rhon&rsquo;Telecom 523 Cours du 3\u00e8me Mill\u00e9naire 69800 Saint-Priest<\/p>\n<p class=\"font-claude-response-body break-words whitespace-pre-wrap leading-[1.7]\">Directeur de la publication : Alexandru PAHONI D\u00e9l\u00e9gu\u00e9 Syndical CFDT<\/p>\n<p class=\"font-claude-response-body break-words whitespace-normal leading-[1.7]\">Contact : <a class=\"underline underline underline-offset-2 decoration-1 decoration-current\/40 hover:decoration-current focus:decoration-current\" href=\"mailto:bradportland28@gmail.com\">bradportland28@gmail.com<\/a><\/p>\n<p class=\"font-claude-response-body break-words whitespace-normal leading-[1.7]\"><strong>2. H\u00e9bergeur<\/strong><\/p>\n<p class=\"font-claude-response-body break-words whitespace-normal leading-[1.7]\">OVH SAS 2 rue Kellermann 59100 Roubaix France T\u00e9l\u00e9phone : 1007 Site web : <a class=\"underline underline underline-offset-2 decoration-1 decoration-current\/40 hover:decoration-current focus:decoration-current\" href=\"http:\/\/www.ovh.com\">www.ovh.com<\/a><\/p>\n<p class=\"font-claude-response-body break-words whitespace-normal leading-[1.7]\"><strong>3. Propri\u00e9t\u00e9 intellectuelle<\/strong><\/p>\n<p class=\"font-claude-response-body break-words whitespace-normal leading-[1.7]\">L&rsquo;ensemble des contenus (textes, images, vid\u00e9os) pr\u00e9sents sur ce site sont la propri\u00e9t\u00e9 de la section syndicale CFDT Rhon&rsquo;Telecom ou sont utilis\u00e9s avec l&rsquo;autorisation de leurs auteurs.<\/p>\n<p class=\"font-claude-response-body break-words whitespace-normal leading-[1.7]\">Toute reproduction, m\u00eame partielle, est soumise \u00e0 autorisation pr\u00e9alable.<\/p>\n<p class=\"font-claude-response-body break-words whitespace-normal leading-[1.7]\"><strong>4. Donn\u00e9es personnelles et cookies<\/strong><\/p>\n<p class=\"font-claude-response-body break-words whitespace-normal leading-[1.7]\">Ce site ne collecte aucune donn\u00e9e personnelle \u00e0 des fins commerciales.<\/p>\n<p class=\"font-claude-response-body break-words whitespace-normal leading-[1.7]\">Ce site n&rsquo;utilise pas de cookies de tra\u00e7age publicitaire.<\/p>\n<p class=\"font-claude-response-body break-words whitespace-normal leading-[1.7]\">Conform\u00e9ment au R\u00e8glement G\u00e9n\u00e9ral sur la Protection des Donn\u00e9es (RGPD), vous disposez d&rsquo;un droit d&rsquo;acc\u00e8s, de rectification et de suppression de vos donn\u00e9es. Pour exercer ce droit, contactez-nous \u00e0 : <a class=\"underline underline underline-offset-2 decoration-1 decoration-current\/40 hover:decoration-current focus:decoration-current\" href=\"mailto:bradportland28@gmail.com\">bradportland28@gmail.com<\/a><\/p>\n<p class=\"font-claude-response-body break-words whitespace-normal leading-[1.7]\"><strong>5. Responsabilit\u00e9<\/strong><\/p>\n<p class=\"font-claude-response-body break-words whitespace-normal leading-[1.7]\">Les informations publi\u00e9es sur ce site sont fournies \u00e0 titre indicatif. La section syndicale CFDT Rhon&rsquo;Telecom s&rsquo;efforce de maintenir des informations exactes et \u00e0 jour, mais ne saurait \u00eatre tenue responsable des erreurs, omissions ou r\u00e9sultats qui pourraient d\u00e9couler de l&rsquo;utilisation de ces informations.<\/p>\n<p class=\"font-claude-response-body break-words whitespace-normal leading-[1.7]\"><strong>6. Liens hypertextes<\/strong><\/p>\n<p class=\"font-claude-response-body break-words whitespace-normal leading-[1.7]\">Ce site peut contenir des liens vers des sites externes. La section syndicale CFDT Rhon&rsquo;Telecom n&rsquo;exerce aucun contr\u00f4le sur ces sites et d\u00e9cline toute responsabilit\u00e9 quant \u00e0 leur contenu.<\/p>\n","protected":false},"excerpt":{"rendered":"<p>MENTIONS L\u00c9GALES 1. \u00c9diteur du site Section syndicale CFDT Rhon&rsquo;Telecom 523 Cours du 3\u00e8me Mill\u00e9naire 69800 Saint-Priest Directeur de la publication : Alexandru PAHONI D\u00e9l\u00e9gu\u00e9 Syndical CFDT Contact : bradportland28@gmail.com 2. H\u00e9bergeur OVH SAS 2 rue Kellermann 59100 Roubaix France T\u00e9l\u00e9phone : 1007 Site web : www.ovh.com 3. Propri\u00e9t\u00e9 intellectuelle L&rsquo;ensemble des contenus (textes, images, [&hellip;]<\/p>\n","protected":false},"author":1,"featured_media":0,"parent":0,"menu_order":0,"comment_status":"closed","ping_status":"closed","template":"","meta":{"_et_pb_use_builder":"","_et_pb_old_content":"","_et_gb_content_width":"","footnotes":""},"class_list":["post-3531","page","type-page","status-publish","hentry"],"_links":{"self":[{"href":"https:\/\/cfdt-rhon-telecom.fr\/index.php\/wp-json\/wp\/v2\/pages\/3531","targetHints":{"allow":["GET"]}}],"collection":[{"href":"https:\/\/cfdt-rhon-telecom.fr\/index.php\/wp-json\/wp\/v2\/pages"}],"about":[{"href":"https:\/\/cfdt-rhon-telecom.fr\/index.php\/wp-json\/wp\/v2\/types\/page"}],"author":[{"embeddable":true,"href":"https:\/\/cfdt-rhon-telecom.fr\/index.php\/wp-json\/wp\/v2\/users\/1"}],"replies":[{"embeddable":true,"href":"https:\/\/cfdt-rhon-telecom.fr\/index.php\/wp-json\/wp\/v2\/comments?post=3531"}],"version-history":[{"count":1,"href":"https:\/\/cfdt-rhon-telecom.fr\/index.php\/wp-json\/wp\/v2\/pages\/3531\/revisions"}],"predecessor-version":[{"id":3532,"href":"https:\/\/cfdt-rhon-telecom.fr\/index.php\/wp-json\/wp\/v2\/pages\/3531\/revisions\/3532"}],"wp:attachment":[{"href":"https:\/\/cfdt-rhon-telecom.fr\/index.php\/wp-json\/wp\/v2\/media?parent=3531"}],"curies":[{"name":"wp","href":"https:\/\/api.w.org\/{rel}","templated":true}]}}