{"id":3510,"date":"2025-11-27T12:00:01","date_gmt":"2025-11-27T12:00:01","guid":{"rendered":"https:\/\/cfdt-rhon-telecom.fr\/?page_id=3510"},"modified":"2025-11-28T05:09:44","modified_gmt":"2025-11-28T05:09:44","slug":"adherer-a-la-cfdt-rhontelecom","status":"publish","type":"page","link":"https:\/\/cfdt-rhon-telecom.fr\/index.php\/adherer-a-la-cfdt-rhontelecom\/","title":{"rendered":"Adh\u00e9rer \u00e0 la CFDT Rh\u00f4n\u2019Telecom"},"content":{"rendered":"<p>[et_pb_section fb_built=\u00a0\u00bb1&Prime; _builder_version=\u00a0\u00bb4.27.4&Prime; _module_preset=\u00a0\u00bbdefault\u00a0\u00bb global_colors_info=\u00a0\u00bb{}\u00a0\u00bb][et_pb_row _builder_version=\u00a0\u00bb4.27.4&Prime; _module_preset=\u00a0\u00bbdefault\u00a0\u00bb global_colors_info=\u00a0\u00bb{}\u00a0\u00bb][et_pb_column type=\u00a0\u00bb4_4&Prime; _builder_version=\u00a0\u00bb4.27.4&Prime; _module_preset=\u00a0\u00bbdefault\u00a0\u00bb global_colors_info=\u00a0\u00bb{}\u00a0\u00bb][et_pb_text _builder_version=\u00a0\u00bb4.27.4&Prime; _module_preset=\u00a0\u00bbdefault\u00a0\u00bb global_colors_info=\u00a0\u00bb{}\u00a0\u00bb]<\/p>\n<h1>Adh\u00e9rer \u00e0 la CFDT Rh\u00f4n\u2019Telecom<\/h1>\n<p>Adh\u00e9rer, c\u2019est ne plus \u00eatre seul\u00b7e face \u00e0 l\u2019entreprise. C\u2019est avoir des repr\u00e9sentant\u00b7es qui vous informent, vous d\u00e9fendent et portent vos revendications aupr\u00e8s de la direction.<\/p>\n<h2>Pourquoi adh\u00e9rer ?<\/h2>\n<p>&#8211; Pour \u00eatre accompagn\u00e9\u00b7e en cas de probl\u00e8me (entretien, sanction, organisation du travail\u2026)<br \/>&#8211; Pour \u00eatre inform\u00e9\u00b7e de vos droits et des n\u00e9gociations en cours<br \/>&#8211; Pour soutenir une CFDT pr\u00e9sente dans l\u2019entreprise et au niveau du groupe<br \/>&#8211; Pour participer aux d\u00e9cisions et aux actions syndicales<\/p>\n<h2>Combien \u00e7a co\u00fbte ?<\/h2>\n<p>La cotisation CFDT est proportionnelle au salaire.<br \/>66 % du montant de la cotisation est d\u00e9ductible de l\u2019imp\u00f4t sur le revenu (dans la limite pr\u00e9vue par la loi), ce qui r\u00e9duit fortement le co\u00fbt r\u00e9el.<\/p>\n<h2>Comment adh\u00e9rer ?<\/h2>\n<p>Vous pouvez adh\u00e9rer en ligne en quelques minutes via le portail s\u00e9curis\u00e9 de la CFDT, ou prendre contact avec vos repr\u00e9sentant\u00b7es CFDT Rh\u00f4n\u2019Telecom si vous avez des questions avant de vous lancer.<\/p>\n<p>[\/et_pb_text][\/et_pb_column][\/et_pb_row][\/et_pb_section][et_pb_section fb_built=\u00a0\u00bb1&Prime; _builder_version=\u00a0\u00bb4.27.4&Prime; _module_preset=\u00a0\u00bbdefault\u00a0\u00bb global_colors_info=\u00a0\u00bb{}\u00a0\u00bb][et_pb_row _builder_version=\u00a0\u00bb4.27.4&Prime; _module_preset=\u00a0\u00bbdefault\u00a0\u00bb global_colors_info=\u00a0\u00bb{}\u00a0\u00bb][et_pb_column type=\u00a0\u00bb4_4&Prime; _builder_version=\u00a0\u00bb4.27.4&Prime; _module_preset=\u00a0\u00bbdefault\u00a0\u00bb global_colors_info=\u00a0\u00bb{}\u00a0\u00bb][et_pb_button button_url=\u00a0\u00bbhttps:\/\/portail.cfdt.fr\/portail\/adhesion\/adherez-en-ligne-jca_221287&Prime; button_text=\u00a0\u00bbAdh\u00e9rer en ligne via le portail CFDT\u00a0\u00bb button_alignment=\u00a0\u00bbcenter\u00a0\u00bb _builder_version=\u00a0\u00bb4.27.4&Prime; _module_preset=\u00a0\u00bbdefault\u00a0\u00bb custom_button=\u00a0\u00bbon\u00a0\u00bb button_text_color=\u00a0\u00bb#E02B20&Prime; global_colors_info=\u00a0\u00bb{}\u00a0\u00bb][\/et_pb_button][\/et_pb_column][\/et_pb_row][\/et_pb_section][et_pb_section fb_built=\u00a0\u00bb1&Prime; _builder_version=\u00a0\u00bb4.27.4&Prime; _module_preset=\u00a0\u00bbdefault\u00a0\u00bb global_colors_info=\u00a0\u00bb{}\u00a0\u00bb][et_pb_row _builder_version=\u00a0\u00bb4.27.4&Prime; _module_preset=\u00a0\u00bbdefault\u00a0\u00bb global_colors_info=\u00a0\u00bb{}\u00a0\u00bb][et_pb_column type=\u00a0\u00bb4_4&Prime; _builder_version=\u00a0\u00bb4.27.4&Prime; _module_preset=\u00a0\u00bbdefault\u00a0\u00bb global_colors_info=\u00a0\u00bb{}\u00a0\u00bb][et_pb_text _builder_version=\u00a0\u00bb4.27.4&Prime; _module_preset=\u00a0\u00bbdefault\u00a0\u00bb hover_enabled=\u00a0\u00bb0&Prime; global_colors_info=\u00a0\u00bb{}\u00a0\u00bb sticky_enabled=\u00a0\u00bb0&Prime;]<\/p>\n<h1>Besoin d\u2019en parler avant d\u2019adh\u00e9rer ?<\/h1>\n<p>Vous pouvez aussi \u00e9changer directement avec vos repr\u00e9sentant\u00b7es CFDT Rh\u00f4n\u2019Telecom :<\/p>\n<p>&#8211; St\u00e9phane D.\u00a0 \u2013 07.58.75.43.82<br \/>&#8211; Omar F.\u00a0 \u00a0 \u00a0 \u00a0 \u00a0\u2013 06.<br \/>&#8211; Alexandru P. \u2013 07.66.53.89.73<\/p>\n<p>[\/et_pb_text][\/et_pb_column][\/et_pb_row][\/et_pb_section]<\/p>\n","protected":false},"excerpt":{"rendered":"<p>Adh\u00e9rer \u00e0 la CFDT Rh\u00f4n\u2019Telecom Adh\u00e9rer, c\u2019est ne plus \u00eatre seul\u00b7e face \u00e0 l\u2019entreprise. C\u2019est avoir des repr\u00e9sentant\u00b7es qui vous informent, vous d\u00e9fendent et portent vos revendications aupr\u00e8s de la direction. Pourquoi adh\u00e9rer ? &#8211; Pour \u00eatre accompagn\u00e9\u00b7e en cas de probl\u00e8me (entretien, sanction, organisation du travail\u2026)- Pour \u00eatre inform\u00e9\u00b7e de vos droits et des [&hellip;]<\/p>\n","protected":false},"author":1,"featured_media":0,"parent":0,"menu_order":0,"comment_status":"closed","ping_status":"closed","template":"","meta":{"_et_pb_use_builder":"on","_et_pb_old_content":"","_et_gb_content_width":"","footnotes":""},"class_list":["post-3510","page","type-page","status-publish","hentry"],"_links":{"self":[{"href":"https:\/\/cfdt-rhon-telecom.fr\/index.php\/wp-json\/wp\/v2\/pages\/3510","targetHints":{"allow":["GET"]}}],"collection":[{"href":"https:\/\/cfdt-rhon-telecom.fr\/index.php\/wp-json\/wp\/v2\/pages"}],"about":[{"href":"https:\/\/cfdt-rhon-telecom.fr\/index.php\/wp-json\/wp\/v2\/types\/page"}],"author":[{"embeddable":true,"href":"https:\/\/cfdt-rhon-telecom.fr\/index.php\/wp-json\/wp\/v2\/users\/1"}],"replies":[{"embeddable":true,"href":"https:\/\/cfdt-rhon-telecom.fr\/index.php\/wp-json\/wp\/v2\/comments?post=3510"}],"version-history":[{"count":5,"href":"https:\/\/cfdt-rhon-telecom.fr\/index.php\/wp-json\/wp\/v2\/pages\/3510\/revisions"}],"predecessor-version":[{"id":3526,"href":"https:\/\/cfdt-rhon-telecom.fr\/index.php\/wp-json\/wp\/v2\/pages\/3510\/revisions\/3526"}],"wp:attachment":[{"href":"https:\/\/cfdt-rhon-telecom.fr\/index.php\/wp-json\/wp\/v2\/media?parent=3510"}],"curies":[{"name":"wp","href":"https:\/\/api.w.org\/{rel}","templated":true}]}}